{"id":1799,"date":"2019-10-11T14:40:55","date_gmt":"2019-10-11T17:40:55","guid":{"rendered":"http:\/\/www.metalpipe.com.br\/informacao\/?page_id=1799"},"modified":"2019-10-11T14:40:55","modified_gmt":"2019-10-11T17:40:55","slug":"acos-inoxidaveis-serie-300","status":"publish","type":"page","link":"https:\/\/www.metalpipe.com.br\/informacao\/acos-inoxidaveis-serie-300\/","title":{"rendered":"A\u00e7os Inoxid\u00e1veis &#8211; S\u00e9rie 300"},"content":{"rendered":"","protected":false},"excerpt":{"rendered":"","protected":false},"author":1,"featured_media":0,"parent":0,"menu_order":0,"comment_status":"closed","ping_status":"closed","template":"","meta":{"footnotes":""},"_links":{"self":[{"href":"https:\/\/www.metalpipe.com.br\/informacao\/wp-json\/wp\/v2\/pages\/1799"}],"collection":[{"href":"https:\/\/www.metalpipe.com.br\/informacao\/wp-json\/wp\/v2\/pages"}],"about":[{"href":"https:\/\/www.metalpipe.com.br\/informacao\/wp-json\/wp\/v2\/types\/page"}],"author":[{"embeddable":true,"href":"https:\/\/www.metalpipe.com.br\/informacao\/wp-json\/wp\/v2\/users\/1"}],"replies":[{"embeddable":true,"href":"https:\/\/www.metalpipe.com.br\/informacao\/wp-json\/wp\/v2\/comments?post=1799"}],"version-history":[{"count":0,"href":"https:\/\/www.metalpipe.com.br\/informacao\/wp-json\/wp\/v2\/pages\/1799\/revisions"}],"wp:attachment":[{"href":"https:\/\/www.metalpipe.com.br\/informacao\/wp-json\/wp\/v2\/media?parent=1799"}],"curies":[{"name":"wp","href":"https:\/\/api.w.org\/{rel}","templated":true}]}}